{"id":193,"date":"2015-06-03T10:28:53","date_gmt":"2015-06-03T10:28:53","guid":{"rendered":"https:\/\/www.trafficstudio.fi\/?page_id=193"},"modified":"2024-10-08T14:49:35","modified_gmt":"2024-10-08T11:49:35","slug":"vidareutbildning","status":"publish","type":"page","link":"https:\/\/www.trafficstudio.fi\/sv\/vidareutbildning\/","title":{"rendered":"Vidareutbildning"},"content":{"rendered":"<div class=\"wpb-content-wrapper\"><p>[vc_row css_animation=&#8221;&#8221; row_type=&#8221;row&#8221; use_row_as_full_screen_section=&#8221;no&#8221; type=&#8221;full_width&#8221; angled_section=&#8221;no&#8221; text_align=&#8221;left&#8221; background_image_as_pattern=&#8221;without_pattern&#8221;][vc_column][vc_empty_space][vc_column_text]<\/p>\n<h1>Vidareutbildning<\/h1>\n<p>[\/vc_column_text][vc_empty_space][\/vc_column][\/vc_row][vc_row css_animation=&#8221;&#8221; row_type=&#8221;row&#8221; use_row_as_full_screen_section=&#8221;no&#8221; type=&#8221;full_width&#8221; angled_section=&#8221;no&#8221; text_align=&#8221;left&#8221; background_image_as_pattern=&#8221;without_pattern&#8221;][vc_column][vc_column_text css=&#8221;&#8221;]<b>Riskutbildning\u00a0 440\u20ac<\/b><\/p>\n<p>&nbsp;<\/p>\n<p>4 teorilektioner<\/p>\n<p>4 k\u00f6rlektioner\u00a0 ( halkbane- &amp; m\u00f6rkerundervisning, samt k\u00f6rning i t\u00e4torts- &amp; landsv\u00e4gstrafik)<\/p>\n<p>&nbsp;<\/p>\n<p>Riskutbildningens pris inneh\u00e5ller halkbaneavgift och 25,5% moms.<br \/>\nL\u00e4ngden p\u00e5 en teorilektion \u00e4r 45 min.<br \/>\nL\u00e4ngden p\u00e5 en k\u00f6rlektion \u00e4r 50 min.<\/p>\n<p>&nbsp;<\/p>\n<p><strong>EAS &#8211; kursen\u00a0 \u00a0100\u20ac<\/strong><\/p>\n<p>4 teorilektioner<\/p>\n<p>Undervisningsmaterial och koder f\u00f6r tr\u00e4ning inf\u00f6r teoriprovet.<\/p>\n<p>&nbsp;<\/p>\n<p>Detta intyg beh\u00f6ver du innan k\u00f6r\u00f6vningarna inleds om du valt att k\u00f6ra hemma.[\/vc_column_text][vc_empty_space][\/vc_column][\/vc_row]<\/p>\n<\/div>","protected":false},"excerpt":{"rendered":"<p>[vc_row css_animation=&#8221;&#8221; row_type=&#8221;row&#8221; use_row_as_full_screen_section=&#8221;no&#8221; type=&#8221;full_width&#8221; angled_section=&#8221;no&#8221; text_align=&#8221;left&#8221; background_image_as_pattern=&#8221;without_pattern&#8221;][vc_column][vc_empty_space][vc_column_text] Vidareutbildning [\/vc_column_text][vc_empty_space][\/vc_column][\/vc_row][vc_row css_animation=&#8221;&#8221; row_type=&#8221;row&#8221; use_row_as_full_screen_section=&#8221;no&#8221; type=&#8221;full_width&#8221; angled_section=&#8221;no&#8221; text_align=&#8221;left&#8221; background_image_as_pattern=&#8221;without_pattern&#8221;][vc_column][vc_column_text css=&#8221;&#8221;]Riskutbildning\u00a0 440\u20ac &nbsp; 4 teorilektioner 4 k\u00f6rlektioner\u00a0 ( halkbane- &amp; m\u00f6rkerundervisning, samt k\u00f6rning i t\u00e4torts- &amp; landsv\u00e4gstrafik) &nbsp; Riskutbildningens pris inneh\u00e5ller halkbaneavgift och 25,5% moms. L\u00e4ngden p\u00e5 en&#8230;<\/p>\n","protected":false},"author":1,"featured_media":0,"parent":0,"menu_order":11,"comment_status":"open","ping_status":"closed","template":"","meta":{"footnotes":""},"class_list":["post-193","page","type-page","status-publish","hentry"],"aioseo_notices":[],"_links":{"self":[{"href":"https:\/\/www.trafficstudio.fi\/sv\/wp-json\/wp\/v2\/pages\/193","targetHints":{"allow":["GET"]}}],"collection":[{"href":"https:\/\/www.trafficstudio.fi\/sv\/wp-json\/wp\/v2\/pages"}],"about":[{"href":"https:\/\/www.trafficstudio.fi\/sv\/wp-json\/wp\/v2\/types\/page"}],"author":[{"embeddable":true,"href":"https:\/\/www.trafficstudio.fi\/sv\/wp-json\/wp\/v2\/users\/1"}],"replies":[{"embeddable":true,"href":"https:\/\/www.trafficstudio.fi\/sv\/wp-json\/wp\/v2\/comments?post=193"}],"version-history":[{"count":8,"href":"https:\/\/www.trafficstudio.fi\/sv\/wp-json\/wp\/v2\/pages\/193\/revisions"}],"predecessor-version":[{"id":1928,"href":"https:\/\/www.trafficstudio.fi\/sv\/wp-json\/wp\/v2\/pages\/193\/revisions\/1928"}],"wp:attachment":[{"href":"https:\/\/www.trafficstudio.fi\/sv\/wp-json\/wp\/v2\/media?parent=193"}],"curies":[{"name":"wp","href":"https:\/\/api.w.org\/{rel}","templated":true}]}}