{"id":191,"date":"2015-06-03T10:18:01","date_gmt":"2015-06-03T10:18:01","guid":{"rendered":"https:\/\/www.trafficstudio.fi\/?page_id=191"},"modified":"2022-11-24T15:12:24","modified_gmt":"2022-11-24T13:12:24","slug":"motorcykel","status":"publish","type":"page","link":"https:\/\/www.trafficstudio.fi\/sv\/motorcykel\/","title":{"rendered":"Motorcykel"},"content":{"rendered":"<div class=\"wpb-content-wrapper\"><p>[vc_row css_animation=&#8221;&#8221; row_type=&#8221;row&#8221; use_row_as_full_screen_section=&#8221;no&#8221; type=&#8221;full_width&#8221; angled_section=&#8221;no&#8221; text_align=&#8221;left&#8221; background_image_as_pattern=&#8221;without_pattern&#8221;][vc_column][vc_empty_space][vc_column_text]<\/p>\n<h1>Motorcykel<\/h1>\n<p>[\/vc_column_text][vc_empty_space][\/vc_column][\/vc_row][vc_row css_animation=&#8221;&#8221; row_type=&#8221;row&#8221; use_row_as_full_screen_section=&#8221;no&#8221; type=&#8221;full_width&#8221; angled_section=&#8221;no&#8221; text_align=&#8221;left&#8221; background_image_as_pattern=&#8221;without_pattern&#8221;][vc_column][vc_column_text]<strong>A1\/A2\/A k\u00f6rkort \u00a0 600\u20ac<\/strong><\/p>\n<p>5 k\u00f6rlektioner<\/p>\n<p>\u00d6vriga kostnader: K\u00f6rkortsans\u00f6kan 39\u20ac och 2 passfoton till Traficom, teoriprov 40\u20ac, hanterings- och k\u00f6rprov 74\u20ac.<\/p>\n<p><strong>A1 \u00f6vningstillst\u00e5nd\u00a0 500<\/strong>\u20ac\u00a0\u00a0 + \u00f6vriga kostnader<\/p>\n<p>4 k\u00f6rlektioner<\/p>\n<p><strong>A2\/A f\u00f6rh\u00f6jning<\/strong> \u00a0 \u00a0<strong>425\u20ac<\/strong><\/p>\n<p>2 teorilektioner<br \/>\n5 k\u00f6rlektioner<\/p>\n<p>Obs! Inget teori- eller k\u00f6rprov![\/vc_column_text][vc_empty_space][\/vc_column][\/vc_row]<\/p>\n<\/div>","protected":false},"excerpt":{"rendered":"<p>[vc_row css_animation=&#8221;&#8221; row_type=&#8221;row&#8221; use_row_as_full_screen_section=&#8221;no&#8221; type=&#8221;full_width&#8221; angled_section=&#8221;no&#8221; text_align=&#8221;left&#8221; background_image_as_pattern=&#8221;without_pattern&#8221;][vc_column][vc_empty_space][vc_column_text] Motorcykel [\/vc_column_text][vc_empty_space][\/vc_column][\/vc_row][vc_row css_animation=&#8221;&#8221; row_type=&#8221;row&#8221; use_row_as_full_screen_section=&#8221;no&#8221; type=&#8221;full_width&#8221; angled_section=&#8221;no&#8221; text_align=&#8221;left&#8221; background_image_as_pattern=&#8221;without_pattern&#8221;][vc_column][vc_column_text]A1\/A2\/A k\u00f6rkort \u00a0 600\u20ac 5 k\u00f6rlektioner \u00d6vriga kostnader: K\u00f6rkortsans\u00f6kan 39\u20ac och 2 passfoton till Traficom, teoriprov 40\u20ac, hanterings- och k\u00f6rprov 74\u20ac. A1 \u00f6vningstillst\u00e5nd\u00a0 500\u20ac\u00a0\u00a0 + \u00f6vriga kostnader 4 k\u00f6rlektioner&#8230;<\/p>\n","protected":false},"author":1,"featured_media":0,"parent":0,"menu_order":10,"comment_status":"open","ping_status":"closed","template":"","meta":{"footnotes":""},"class_list":["post-191","page","type-page","status-publish","hentry"],"aioseo_notices":[],"_links":{"self":[{"href":"https:\/\/www.trafficstudio.fi\/sv\/wp-json\/wp\/v2\/pages\/191","targetHints":{"allow":["GET"]}}],"collection":[{"href":"https:\/\/www.trafficstudio.fi\/sv\/wp-json\/wp\/v2\/pages"}],"about":[{"href":"https:\/\/www.trafficstudio.fi\/sv\/wp-json\/wp\/v2\/types\/page"}],"author":[{"embeddable":true,"href":"https:\/\/www.trafficstudio.fi\/sv\/wp-json\/wp\/v2\/users\/1"}],"replies":[{"embeddable":true,"href":"https:\/\/www.trafficstudio.fi\/sv\/wp-json\/wp\/v2\/comments?post=191"}],"version-history":[{"count":9,"href":"https:\/\/www.trafficstudio.fi\/sv\/wp-json\/wp\/v2\/pages\/191\/revisions"}],"predecessor-version":[{"id":1217,"href":"https:\/\/www.trafficstudio.fi\/sv\/wp-json\/wp\/v2\/pages\/191\/revisions\/1217"}],"wp:attachment":[{"href":"https:\/\/www.trafficstudio.fi\/sv\/wp-json\/wp\/v2\/media?parent=191"}],"curies":[{"name":"wp","href":"https:\/\/api.w.org\/{rel}","templated":true}]}}