{"id":189,"date":"2015-06-03T10:14:23","date_gmt":"2015-06-03T10:14:23","guid":{"rendered":"https:\/\/www.trafficstudio.fi\/?page_id=189"},"modified":"2024-10-08T14:45:34","modified_gmt":"2024-10-08T11:45:34","slug":"mopo","status":"publish","type":"page","link":"https:\/\/www.trafficstudio.fi\/sv\/mopo\/","title":{"rendered":"Moped"},"content":{"rendered":"<div class=\"wpb-content-wrapper\"><p>[vc_row css_animation=&#8221;&#8221; row_type=&#8221;row&#8221; use_row_as_full_screen_section=&#8221;no&#8221; type=&#8221;full_width&#8221; angled_section=&#8221;no&#8221; text_align=&#8221;left&#8221; background_image_as_pattern=&#8221;without_pattern&#8221;][vc_column][vc_empty_space][vc_column_text]<\/p>\n<h1>Moped<\/h1>\n<p>[\/vc_column_text][vc_empty_space][\/vc_column][\/vc_row][vc_row css_animation=&#8221;&#8221; row_type=&#8221;row&#8221; use_row_as_full_screen_section=&#8221;no&#8221; type=&#8221;full_width&#8221; angled_section=&#8221;no&#8221; text_align=&#8221;left&#8221; background_image_as_pattern=&#8221;without_pattern&#8221;][vc_column][vc_column_text css=&#8221;&#8221;]<strong>Mopedk\u00f6rkort \u00a0\u00a0 250 &#8211; 400\u20ac<\/strong><\/p>\n<p><strong>Mopedbilsk\u00f6rkort \u00a0\u00a0 290 &#8211; 420\u20ac<\/strong><\/p>\n<p><strong>Traktork\u00f6rkort \u00a0\u00a0 100\u20ac<\/strong><\/p>\n<p>4 teorilektioner<br \/>\n1 &#8211; 3 k\u00f6rlektioner \u00a0 (traktork\u00f6rkortet inneh\u00e5ller inga k\u00f6rlektioner)<\/p>\n<p>\u00d6vriga kostnader: K\u00f6rkortsans\u00f6kan 39\u20ac och 2 passfoton till Traficom, teoriprov 40\u20ac och hanteringsprov med moped 32\u20ac\/ k\u00f6rprov med mopedbil 74\u20ac.<\/p>\n<p>Bilskolans priser inneh\u00e5ller 25,5% moms, utbildningsmaterial, l\u00f6senord f\u00f6r tr\u00e4ning inf\u00f6r teoriprovet och anv\u00e4ndning av k\u00f6rutrustning och bilskolans mopeder i hanteringsprovet\/ mopedbilen i k\u00f6rprovet.[\/vc_column_text][vc_empty_space][\/vc_column][\/vc_row]<\/p>\n<\/div>","protected":false},"excerpt":{"rendered":"<p>[vc_row css_animation=&#8221;&#8221; row_type=&#8221;row&#8221; use_row_as_full_screen_section=&#8221;no&#8221; type=&#8221;full_width&#8221; angled_section=&#8221;no&#8221; text_align=&#8221;left&#8221; background_image_as_pattern=&#8221;without_pattern&#8221;][vc_column][vc_empty_space][vc_column_text] Moped [\/vc_column_text][vc_empty_space][\/vc_column][\/vc_row][vc_row css_animation=&#8221;&#8221; row_type=&#8221;row&#8221; use_row_as_full_screen_section=&#8221;no&#8221; type=&#8221;full_width&#8221; angled_section=&#8221;no&#8221; text_align=&#8221;left&#8221; background_image_as_pattern=&#8221;without_pattern&#8221;][vc_column][vc_column_text css=&#8221;&#8221;]Mopedk\u00f6rkort \u00a0\u00a0 250 &#8211; 400\u20ac Mopedbilsk\u00f6rkort \u00a0\u00a0 290 &#8211; 420\u20ac Traktork\u00f6rkort \u00a0\u00a0 100\u20ac 4 teorilektioner 1 &#8211; 3 k\u00f6rlektioner \u00a0 (traktork\u00f6rkortet inneh\u00e5ller inga k\u00f6rlektioner) \u00d6vriga kostnader: K\u00f6rkortsans\u00f6kan 39\u20ac&#8230;<\/p>\n","protected":false},"author":1,"featured_media":0,"parent":0,"menu_order":9,"comment_status":"open","ping_status":"closed","template":"","meta":{"footnotes":""},"class_list":["post-189","page","type-page","status-publish","hentry"],"aioseo_notices":[],"_links":{"self":[{"href":"https:\/\/www.trafficstudio.fi\/sv\/wp-json\/wp\/v2\/pages\/189","targetHints":{"allow":["GET"]}}],"collection":[{"href":"https:\/\/www.trafficstudio.fi\/sv\/wp-json\/wp\/v2\/pages"}],"about":[{"href":"https:\/\/www.trafficstudio.fi\/sv\/wp-json\/wp\/v2\/types\/page"}],"author":[{"embeddable":true,"href":"https:\/\/www.trafficstudio.fi\/sv\/wp-json\/wp\/v2\/users\/1"}],"replies":[{"embeddable":true,"href":"https:\/\/www.trafficstudio.fi\/sv\/wp-json\/wp\/v2\/comments?post=189"}],"version-history":[{"count":10,"href":"https:\/\/www.trafficstudio.fi\/sv\/wp-json\/wp\/v2\/pages\/189\/revisions"}],"predecessor-version":[{"id":1927,"href":"https:\/\/www.trafficstudio.fi\/sv\/wp-json\/wp\/v2\/pages\/189\/revisions\/1927"}],"wp:attachment":[{"href":"https:\/\/www.trafficstudio.fi\/sv\/wp-json\/wp\/v2\/media?parent=189"}],"curies":[{"name":"wp","href":"https:\/\/api.w.org\/{rel}","templated":true}]}}