{"id":187,"date":"2015-06-03T10:10:48","date_gmt":"2015-06-03T10:10:48","guid":{"rendered":"https:\/\/www.trafficstudio.fi\/?page_id=187"},"modified":"2024-10-08T14:43:00","modified_gmt":"2024-10-08T11:43:00","slug":"personbil","status":"publish","type":"page","link":"https:\/\/www.trafficstudio.fi\/sv\/personbil\/","title":{"rendered":"Personbil"},"content":{"rendered":"<div class=\"wpb-content-wrapper\"><p>[vc_row css_animation=&#8221;&#8221; row_type=&#8221;row&#8221; use_row_as_full_screen_section=&#8221;no&#8221; type=&#8221;full_width&#8221; angled_section=&#8221;no&#8221; text_align=&#8221;left&#8221; background_image_as_pattern=&#8221;without_pattern&#8221;][vc_column][vc_empty_space][vc_column_text]<\/p>\n<h1>Personbil<\/h1>\n<p>[\/vc_column_text][vc_empty_space][\/vc_column][\/vc_row][vc_row css_animation=&#8221;&#8221; row_type=&#8221;row&#8221; use_row_as_full_screen_section=&#8221;no&#8221; type=&#8221;full_width&#8221; angled_section=&#8221;no&#8221; text_align=&#8221;left&#8221; background_image_as_pattern=&#8221;without_pattern&#8221;][vc_column][vc_column_text css=&#8221;&#8221;]<strong>B- k\u00f6rkort\u00a0 1520\u20ac<\/strong><\/p>\n<p>4 teorilektioner<\/p>\n<p>10 k\u00f6rlektioner<\/p>\n<p>+ riskutbildning<\/p>\n<p>\u00d6vriga kostnader: K\u00f6rkortsans\u00f6kan 39\u20ac och 2 passfoton till Traficom, teoriprov 40\u20ac och k\u00f6rprov 99\u20ac.<\/p>\n<p><strong>om k\u00f6rkort sen tidigare\u00a0<\/strong> <strong>1420\u20ac<\/strong> + \u00f6vriga kostnader<\/p>\n<p>10 k\u00f6rlektioner + riskutbildning<\/p>\n<p>Bilskolans priser inneh\u00e5ller 25,5% moms, utbildningsmaterial, l\u00f6senord f\u00f6r tr\u00e4ning inf\u00f6r teoriprovet och anv\u00e4ndning av bilskolans fordon i k\u00f6rprovet.<br \/>\nL\u00e4ngden p\u00e5 en teorilektion \u00e4r 45 min.<br \/>\nL\u00e4ngden p\u00e5 en k\u00f6rlektion \u00e4r 50 min.[\/vc_column_text][vc_empty_space][\/vc_column][\/vc_row]<\/p>\n<\/div>","protected":false},"excerpt":{"rendered":"<p>[vc_row css_animation=&#8221;&#8221; row_type=&#8221;row&#8221; use_row_as_full_screen_section=&#8221;no&#8221; type=&#8221;full_width&#8221; angled_section=&#8221;no&#8221; text_align=&#8221;left&#8221; background_image_as_pattern=&#8221;without_pattern&#8221;][vc_column][vc_empty_space][vc_column_text] Personbil [\/vc_column_text][vc_empty_space][\/vc_column][\/vc_row][vc_row css_animation=&#8221;&#8221; row_type=&#8221;row&#8221; use_row_as_full_screen_section=&#8221;no&#8221; type=&#8221;full_width&#8221; angled_section=&#8221;no&#8221; text_align=&#8221;left&#8221; background_image_as_pattern=&#8221;without_pattern&#8221;][vc_column][vc_column_text css=&#8221;&#8221;]B- k\u00f6rkort\u00a0 1520\u20ac 4 teorilektioner 10 k\u00f6rlektioner + riskutbildning \u00d6vriga kostnader: K\u00f6rkortsans\u00f6kan 39\u20ac och 2 passfoton till Traficom, teoriprov 40\u20ac och k\u00f6rprov 99\u20ac. om k\u00f6rkort sen tidigare\u00a0 1420\u20ac&#8230;<\/p>\n","protected":false},"author":1,"featured_media":0,"parent":0,"menu_order":8,"comment_status":"open","ping_status":"closed","template":"","meta":{"footnotes":""},"class_list":["post-187","page","type-page","status-publish","hentry"],"aioseo_notices":[],"_links":{"self":[{"href":"https:\/\/www.trafficstudio.fi\/sv\/wp-json\/wp\/v2\/pages\/187","targetHints":{"allow":["GET"]}}],"collection":[{"href":"https:\/\/www.trafficstudio.fi\/sv\/wp-json\/wp\/v2\/pages"}],"about":[{"href":"https:\/\/www.trafficstudio.fi\/sv\/wp-json\/wp\/v2\/types\/page"}],"author":[{"embeddable":true,"href":"https:\/\/www.trafficstudio.fi\/sv\/wp-json\/wp\/v2\/users\/1"}],"replies":[{"embeddable":true,"href":"https:\/\/www.trafficstudio.fi\/sv\/wp-json\/wp\/v2\/comments?post=187"}],"version-history":[{"count":8,"href":"https:\/\/www.trafficstudio.fi\/sv\/wp-json\/wp\/v2\/pages\/187\/revisions"}],"predecessor-version":[{"id":1926,"href":"https:\/\/www.trafficstudio.fi\/sv\/wp-json\/wp\/v2\/pages\/187\/revisions\/1926"}],"wp:attachment":[{"href":"https:\/\/www.trafficstudio.fi\/sv\/wp-json\/wp\/v2\/media?parent=187"}],"curies":[{"name":"wp","href":"https:\/\/api.w.org\/{rel}","templated":true}]}}