{"id":121,"date":"2015-05-25T08:58:02","date_gmt":"2015-05-25T08:58:02","guid":{"rendered":"https:\/\/www.trafficstudio.fi\/?page_id=121"},"modified":"2025-03-14T15:22:05","modified_gmt":"2025-03-14T13:22:05","slug":"startsida","status":"publish","type":"page","link":"https:\/\/www.trafficstudio.fi\/sv\/","title":{"rendered":"Startsida"},"content":{"rendered":"<div class=\"wpb-content-wrapper\"><p>[vc_row css_animation=&#8221;&#8221; row_type=&#8221;row&#8221; use_row_as_full_screen_section=&#8221;no&#8221; type=&#8221;full_width&#8221; angled_section=&#8221;no&#8221; text_align=&#8221;left&#8221; background_image_as_pattern=&#8221;without_pattern&#8221; bg_type=&#8221;image&#8221; parallax_style=&#8221;vcpb-default&#8221; bg_image_new=&#8221;id^425|url^https:\/\/www.trafficstudio.fi\/wp-content\/uploads\/2018\/10\/beetle.jpg|caption^null|alt^null|title^beetle|description^null&#8221; bg_image_repeat=&#8221;no-repeat&#8221; bg_override=&#8221;ex-full&#8221; enable_overlay=&#8221;enable_overlay_value&#8221; overlay_color=&#8221;#0a0a0a&#8221; overlay_pattern=&#8221;transperant&#8221; overlay_pattern_opacity=&#8221;40&#8243; z_index=&#8221;&#8221;][vc_column]<div id=\"ultimate-heading-707069f2f9cb237d2\" class=\"uvc-heading ult-adjust-bottom-margin ultimate-heading-707069f2f9cb237d2 uvc-3646 \" data-hspacer=\"no_spacer\"  data-halign=\"left\" style=\"text-align:left\"><div class=\"uvc-heading-spacer no_spacer\" style=\"top\"><\/div><div class=\"uvc-main-heading ult-responsive\"  data-ultimate-target='.uvc-heading.ultimate-heading-707069f2f9cb237d2 h1'  data-responsive-json-new='{\"font-size\":\"desktop:40px;\",\"line-height\":\"\"}' ><h1 style=\"font-weight:normal;color:#ffffff;margin-top:10%;\">Bilskola i Vasa<\/h1><\/div><div class=\"uvc-sub-heading ult-responsive\"  data-ultimate-target='.uvc-heading.ultimate-heading-707069f2f9cb237d2 .uvc-sub-heading '  data-responsive-json-new='{\"font-size\":\"desktop:18px;\",\"line-height\":\"\"}'  style=\"font-weight:normal;color:#ffffff;margin-top:20px;margin-bottom:10%;\"><\/p>\n<p>V\u00e4lkommen till Traffic Studios hemsida! Vi hj\u00e4lper Dig g\u00e4rna i processen fram till Ditt k\u00f6rkort! V\u00e5rt m\u00e5l \u00e4r att ta Dina behov i beaktande. Tillsammans kopplar vi ihop kunskaper &amp; f\u00e4rdigheter f\u00f6r att n\u00e5 v\u00e5rt m\u00e5l &#8211; en s\u00e4ker f\u00f6rare. Nu k\u00f6r vi!<\/p>\n<p><\/div><\/div>[vc_empty_space][\/vc_column][\/vc_row][vc_row css_animation=&#8221;&#8221; row_type=&#8221;row&#8221; use_row_as_full_screen_section=&#8221;no&#8221; type=&#8221;full_width&#8221; angled_section=&#8221;no&#8221; text_align=&#8221;left&#8221; background_image_as_pattern=&#8221;without_pattern&#8221;][vc_column][vc_empty_space height=&#8221;45px&#8221;][vc_row_inner row_type=&#8221;row&#8221; type=&#8221;full_width&#8221; text_align=&#8221;left&#8221; css_animation=&#8221;&#8221;][vc_column_inner width=&#8221;1\/4&#8243; css=&#8221;.vc_custom_1427892680868{padding-bottom: 20px !important;}&#8221;]\n<div id=\"interactive-banner-1-wrap-7765\" class=\"ult-banner-block ult-adjust-bottom-margin ult-bb-box  banner-style12 \"   style=\"\">\n\t<img decoding=\"async\" src=\"https:\/\/www.trafficstudio.fi\/wp-content\/uploads\/2022\/11\/01-1-3.png\" alt=\"null\">\n\t<h3  data-ultimate-target='#interactive-banner-1-wrap-7765 .bb-top-title '  data-responsive-json-new='{\"font-size\":\"\",\"line-height\":\"\"}'  class=\"title-center bb-top-title ult-responsive\" style=\"font-weight:normal;background:#1b1b1b;color:#ffffff;\">PERSONBIL<\/h3>\n\t<div class=\"mask opaque-background\" style=\"background:rgba(58,58,58,0.5);\">\n\t\t<div  data-ultimate-target='#interactive-banner-1-wrap-7765 .bb-description'  data-responsive-json-new='{\"font-size\":\"\",\"line-height\":\"\"}'  class=\"bb-description ult-responsive\" style=\"font-weight:normal;color:#ffffff;\">B-k\u00f6rkort <strong>1520\u20ac<\/strong><br \/>\n- om k\u00f6rkort sen tidigare <strong>1420\u20ac<\/strong><\/div>\n\t<\/div><a class=\"bb-link\" href=\"https:\/\/www.trafficstudio.fi\/sv\/personbil\/\" title=\"Ilmoittaudu kurssille\" ><\/a>\n<\/div>[vc_column_text css=&#8221;&#8221;]Kom och k\u00f6r v\u00e5r moderna, kompakta SUV, Mitsubishi ASX! \u00d6nskar du k\u00f6ra automatv\u00e4xlad bil k\u00f6r du elbil, Peugeot e-2008.[\/vc_column_text][\/vc_column_inner][vc_column_inner width=&#8221;1\/4&#8243; css=&#8221;.vc_custom_1427892692017{padding-bottom: 20px !important;}&#8221;]\n<div id=\"interactive-banner-1-wrap-6951\" class=\"ult-banner-block ult-adjust-bottom-margin ult-bb-box  banner-style12 \"   style=\"\">\n\t<img decoding=\"async\" src=\"https:\/\/www.trafficstudio.fi\/wp-content\/uploads\/2015\/03\/traffic-studio-mopo.jpg\" alt=\"traffic-studio-mopo\">\n\t<h3  data-ultimate-target='#interactive-banner-1-wrap-6951 .bb-top-title '  data-responsive-json-new='{\"font-size\":\"\",\"line-height\":\"\"}'  class=\"title-center bb-top-title ult-responsive\" style=\"font-weight:normal;background:#1b1b1b;color:#ffffff;\">MOPED\/MOPEDBIL\/T<\/h3>\n\t<div class=\"mask opaque-background\" style=\"background:rgba(58,58,58,0.5);\">\n\t\t<div  data-ultimate-target='#interactive-banner-1-wrap-6951 .bb-description'  data-responsive-json-new='{\"font-size\":\"\",\"line-height\":\"\"}'  class=\"bb-description ult-responsive\" style=\"font-weight:normal;color:#ffffff;\">Moped fr\u00e5n <strong> 250\u20ac <\/strong><br \/>\nMopedbil fr\u00e5n <strong> 290\u20ac <\/strong><br \/>\nTraktork\u00f6rkort <strong> 100\u20ac <\/strong><\/div>\n\t<\/div><a class=\"bb-link\" href=\"https:\/\/www.trafficstudio.fi\/sv\/mopo\/\" title=\"Hinnasto\" ><\/a>\n<\/div>[vc_column_text css=&#8221;&#8221;]FREEDOM! Ta ditt f\u00f6rsta k\u00f6rkort med oss. V\u00e5rt mopedalternativ \u00e4r Peugeot Kisbee skoter. Vi har som mopedbil Citroen AMI 100% electric och Ligier JS 50. Du kan ocks\u00e5 ta traktor k\u00f6rkort h\u00e4r.[\/vc_column_text][\/vc_column_inner][vc_column_inner width=&#8221;1\/4&#8243; css=&#8221;.vc_custom_1427892702685{padding-bottom: 20px !important;}&#8221;]\n<div id=\"interactive-banner-1-wrap-5982\" class=\"ult-banner-block ult-adjust-bottom-margin ult-bb-box  banner-style12 \"   style=\"\">\n\t<img decoding=\"async\" src=\"https:\/\/www.trafficstudio.fi\/wp-content\/uploads\/2015\/03\/benjamin-moottoripyora.jpg\" alt=\"benjamin-moottoripyora\">\n\t<h3  data-ultimate-target='#interactive-banner-1-wrap-5982 .bb-top-title '  data-responsive-json-new='{\"font-size\":\"\",\"line-height\":\"\"}'  class=\"title-center bb-top-title ult-responsive\" style=\"font-weight:normal;background:#1b1b1b;color:#ffffff;\">MOTORCYKEL<\/h3>\n\t<div class=\"mask opaque-background\" style=\"background:rgba(58,58,58,0.5);\">\n\t\t<div  data-ultimate-target='#interactive-banner-1-wrap-5982 .bb-description'  data-responsive-json-new='{\"font-size\":\"\",\"line-height\":\"\"}'  class=\"bb-description ult-responsive\" style=\"font-weight:normal;color:#ffffff;\">A1\/A2\/A <strong> 600\u20ac <\/strong><br \/>\nA1 \u00f6vingstillst\u00e5nd <strong> 500\u20ac <\/strong><br \/>\nA2\/A f\u00f6rh\u00f6jning <strong> 425\u20ac <\/strong><\/div>\n\t<\/div><a class=\"bb-link\" href=\"https:\/\/www.trafficstudio.fi\/sv\/motorcykel\/\" title=\"Hinnasto\" ><\/a>\n<\/div>[vc_column_text css=&#8221;&#8221;]Du f\u00e5r undervisning av l\u00e4rare som sj\u00e4lva aktivt k\u00f6r mc. Vi k\u00f6r med Triumph Trident 660 i klasserna A\/A2, i klass A1 k\u00f6r du KTM Duke 125. Alla v\u00e5ra mc:n har ABS bromsar! Starta en ny hobby![\/vc_column_text][\/vc_column_inner][vc_column_inner width=&#8221;1\/4&#8243;]\n<div id=\"interactive-banner-1-wrap-9507\" class=\"ult-banner-block ult-adjust-bottom-margin ult-bb-box  banner-style12 \"   style=\"\">\n\t<img decoding=\"async\" src=\"https:\/\/www.trafficstudio.fi\/wp-content\/uploads\/2015\/03\/kuva2.jpg\" alt=\"\">\n\t<h3  data-ultimate-target='#interactive-banner-1-wrap-9507 .bb-top-title '  data-responsive-json-new='{\"font-size\":\"\",\"line-height\":\"\"}'  class=\"title-center bb-top-title ult-responsive\" style=\"font-weight:normal;background:#1b1b1b;color:#ffffff;\">RISKUTBILDNING\/EAS<\/h3>\n\t<div class=\"mask opaque-background\" style=\"background:rgba(58,58,58,0.5);\">\n\t\t<div  data-ultimate-target='#interactive-banner-1-wrap-9507 .bb-description'  data-responsive-json-new='{\"font-size\":\"\",\"line-height\":\"\"}'  class=\"bb-description ult-responsive\" style=\"font-weight:normal;color:#ffffff;\">Riskutbildning <strong>440\u20ac<\/strong><br \/>\nEAS intyg <strong> 100\u20ac<\/strong><\/div>\n\t<\/div><a class=\"bb-link\" href=\"https:\/\/www.trafficstudio.fi\/sv\/vidareutbildning\/\" title=\"Yhteystiedot\" ><\/a>\n<\/div>[vc_column_text]Beh\u00f6ver du riskutbildning eller EAS kursen om du k\u00f6r hemma? Vi ordnar kurstillf\u00e4llen varje m\u00e5nad. Kontakta oss om du \u00f6nskar skr\u00e4ddarsydd undervisning med motorcykel och personbil.[\/vc_column_text][\/vc_column_inner][\/vc_row_inner][vc_empty_space][\/vc_column][\/vc_row]<\/p>\n<\/div>","protected":false},"excerpt":{"rendered":"<p>[vc_row css_animation=&#8221;&#8221; row_type=&#8221;row&#8221; use_row_as_full_screen_section=&#8221;no&#8221; type=&#8221;full_width&#8221; angled_section=&#8221;no&#8221; text_align=&#8221;left&#8221; background_image_as_pattern=&#8221;without_pattern&#8221; bg_type=&#8221;image&#8221; parallax_style=&#8221;vcpb-default&#8221; bg_image_new=&#8221;id^425|url^https:\/\/www.trafficstudio.fi\/wp-content\/uploads\/2018\/10\/beetle.jpg|caption^null|alt^null|title^beetle|description^null&#8221; bg_image_repeat=&#8221;no-repeat&#8221; bg_override=&#8221;ex-full&#8221; enable_overlay=&#8221;enable_overlay_value&#8221; overlay_color=&#8221;#0a0a0a&#8221; overlay_pattern=&#8221;transperant&#8221; overlay_pattern_opacity=&#8221;40&#8243; z_index=&#8221;&#8221;][vc_column][vc_empty_space][\/vc_column][\/vc_row][vc_row css_animation=&#8221;&#8221; row_type=&#8221;row&#8221; use_row_as_full_screen_section=&#8221;no&#8221; type=&#8221;full_width&#8221; angled_section=&#8221;no&#8221; text_align=&#8221;left&#8221; background_image_as_pattern=&#8221;without_pattern&#8221;][vc_column][vc_empty_space height=&#8221;45px&#8221;][vc_row_inner row_type=&#8221;row&#8221; type=&#8221;full_width&#8221; text_align=&#8221;left&#8221; css_animation=&#8221;&#8221;][vc_column_inner width=&#8221;1\/4&#8243; css=&#8221;.vc_custom_1427892680868{padding-bottom: 20px !important;}&#8221;][vc_column_text css=&#8221;&#8221;]Kom och k\u00f6r v\u00e5r moderna, kompakta SUV, Mitsubishi ASX! \u00d6nskar du&#8230;<\/p>\n","protected":false},"author":1,"featured_media":0,"parent":0,"menu_order":0,"comment_status":"open","ping_status":"closed","template":"","meta":{"footnotes":""},"class_list":["post-121","page","type-page","status-publish","hentry"],"aioseo_notices":[],"_links":{"self":[{"href":"https:\/\/www.trafficstudio.fi\/sv\/wp-json\/wp\/v2\/pages\/121","targetHints":{"allow":["GET"]}}],"collection":[{"href":"https:\/\/www.trafficstudio.fi\/sv\/wp-json\/wp\/v2\/pages"}],"about":[{"href":"https:\/\/www.trafficstudio.fi\/sv\/wp-json\/wp\/v2\/types\/page"}],"author":[{"embeddable":true,"href":"https:\/\/www.trafficstudio.fi\/sv\/wp-json\/wp\/v2\/users\/1"}],"replies":[{"embeddable":true,"href":"https:\/\/www.trafficstudio.fi\/sv\/wp-json\/wp\/v2\/comments?post=121"}],"version-history":[{"count":56,"href":"https:\/\/www.trafficstudio.fi\/sv\/wp-json\/wp\/v2\/pages\/121\/revisions"}],"predecessor-version":[{"id":2066,"href":"https:\/\/www.trafficstudio.fi\/sv\/wp-json\/wp\/v2\/pages\/121\/revisions\/2066"}],"wp:attachment":[{"href":"https:\/\/www.trafficstudio.fi\/sv\/wp-json\/wp\/v2\/media?parent=121"}],"curies":[{"name":"wp","href":"https:\/\/api.w.org\/{rel}","templated":true}]}}